{"id":569,"date":"2021-05-15T23:48:32","date_gmt":"2021-05-15T23:48:32","guid":{"rendered":"http:\/\/realconsultorayservicios.com\/?page_id=569"},"modified":"2021-11-16T00:18:18","modified_gmt":"2021-11-16T00:18:18","slug":"laboratorio","status":"publish","type":"page","link":"https:\/\/realconsultorayservicios.com\/index.php\/laboratorio\/","title":{"rendered":"Laboratorio"},"content":{"rendered":"\t\t<div data-elementor-type=\"wp-post\" data-elementor-id=\"569\" class=\"elementor elementor-569\">\n\t\t\t\t\t\t<section class=\"elementor-section elementor-top-section elementor-element elementor-element-39dabc18 elementor-section-content-middle elementor-section-boxed elementor-section-height-default elementor-section-height-default\" data-id=\"39dabc18\" data-element_type=\"section\" data-settings=\"{&quot;background_background&quot;:&quot;classic&quot;}\">\n\t\t\t\t\t\t\t<div class=\"elementor-background-overlay\"><\/div>\n\t\t\t\t\t\t\t<div class=\"elementor-container elementor-column-gap-no\">\n\t\t\t\t\t<div class=\"elementor-column elementor-col-100 elementor-top-column elementor-element elementor-element-f60585f\" data-id=\"f60585f\" data-element_type=\"column\">\n\t\t\t<div class=\"elementor-widget-wrap elementor-element-populated\">\n\t\t\t\t\t\t<div class=\"elementor-element elementor-element-438af913 elementor-widget elementor-widget-heading\" data-id=\"438af913\" data-element_type=\"widget\" data-widget_type=\"heading.default\">\n\t\t\t\t<div class=\"elementor-widget-container\">\n\t\t\t<h1 class=\"elementor-heading-title elementor-size-default\">laboratorio de V\u00e1lvulas y CONTROL<\/h1>\t\t<\/div>\n\t\t\t\t<\/div>\n\t\t\t\t\t<\/div>\n\t\t<\/div>\n\t\t\t\t\t<\/div>\n\t\t<\/section>\n\t\t\t\t<section class=\"elementor-section elementor-top-section elementor-element elementor-element-e160972 elementor-section-content-middle elementor-section-boxed elementor-section-height-default elementor-section-height-default\" data-id=\"e160972\" data-element_type=\"section\">\n\t\t\t\t\t\t<div class=\"elementor-container elementor-column-gap-no\">\n\t\t\t\t\t<div class=\"elementor-column elementor-col-50 elementor-top-column elementor-element elementor-element-19602117\" data-id=\"19602117\" data-element_type=\"column\">\n\t\t\t<div class=\"elementor-widget-wrap elementor-element-populated\">\n\t\t\t\t\t\t<div class=\"elementor-element elementor-element-7d44c8b8 elementor-widget elementor-widget-heading\" data-id=\"7d44c8b8\" data-element_type=\"widget\" data-widget_type=\"heading.default\">\n\t\t\t\t<div class=\"elementor-widget-container\">\n\t\t\t<h5 class=\"elementor-heading-title elementor-size-default\">Brindamos Calidad de Servicio en todos nuestro Proyectos<\/h5>\t\t<\/div>\n\t\t\t\t<\/div>\n\t\t\t\t<div class=\"elementor-element elementor-element-6c0e90d0 elementor-widget elementor-widget-heading\" data-id=\"6c0e90d0\" data-element_type=\"widget\" data-widget_type=\"heading.default\">\n\t\t\t\t<div class=\"elementor-widget-container\">\n\t\t\t<h2 class=\"elementor-heading-title elementor-size-default\">Laboratorio de V\u00e1lvulas y Control<\/h2>\t\t<\/div>\n\t\t\t\t<\/div>\n\t\t\t\t<div class=\"elementor-element elementor-element-6a013bdb elementor-widget elementor-widget-text-editor\" data-id=\"6a013bdb\" data-element_type=\"widget\" data-widget_type=\"text-editor.default\">\n\t\t\t\t<div class=\"elementor-widget-container\">\n\t\t\t\t\t\t\t<p>Como empresa de servicios, nuestro objetivo es brindar la soluci\u00f3n a nuestros clientes en instalaciones relacionadas con el manejo y control de fluidos, sean l\u00edquidos o gaseosos.<\/p><p>\u00a0Nos especializamos en:<\/p><ul><li><strong>V\u00e1lvulas de corte<\/strong> (esf\u00e9ricas, globo y agujas).<\/li><li><strong>V\u00e1lvulas de control de flujo.<\/strong><\/li><li><strong>V\u00e1lvulas reguladoras.<\/strong><\/li><li><strong>V\u00e1lvulas de control.<\/strong><\/li><li><strong>V\u00e1lvulas de alivio.<\/strong><\/li><li><strong>V\u00e1lvulas de seguridad.<\/strong><\/li><\/ul><p>\u00a0En nuestros ensayos y pruebas, <span style=\"text-decoration: underline;\">brindamos<\/span> una <span style=\"text-decoration: underline;\">certificaci\u00f3n del funcionamiento<\/span> de la misma en estado de reposo y bajo circunstancias de trabajo sometidas a presi\u00f3n de dise\u00f1o. Adem\u00e1s, las <strong>pruebas de estanqueidad<\/strong>, <strong>calibraci\u00f3n de v\u00e1lvulas de alivio<\/strong> por seguridad de v\u00e1lvulas son<span style=\"text-decoration: underline;\"><strong> registradas en tiempo y valores de temperatura y presi\u00f3n<\/strong><\/span>.<\/p><p>\u00a0Con un procedimiento de calibraci\u00f3n propio de <a href=\"http:\/\/realconsultorayservicios.com\/\" target=\"_blank\" rel=\"noopener\">Real Consultora y Servicios<\/a>, aseguramos un informe detallado de los valores de calibraci\u00f3n, datos t\u00e9cnicos y ubicaci\u00f3n de las v\u00e1lvulas en el lugar de trabajo, logrando as\u00ed un seguimiento preciso en caso de solicitarse por nuestro cliente.<\/p><p>\u00a0Contamos con la capacidad para <strong>garantizar el correcto funcionamiento de todo tipo de v\u00e1lvulas<\/strong> que necesiten inspecci\u00f3n y pruebas certificadas para estar dentro de los est\u00e1ndares que manejen nuestros clientes y <strong>salvaguardar la integridad<\/strong>, no solo <strong>de las instalaciones<\/strong>, sino tambi\u00e9n <strong>del personal humano<\/strong> que maniobre tales v\u00e1lvulas en campo.<\/p>\t\t\t\t\t\t<\/div>\n\t\t\t\t<\/div>\n\t\t\t\t\t<\/div>\n\t\t<\/div>\n\t\t\t\t<div class=\"elementor-column elementor-col-50 elementor-top-column elementor-element elementor-element-43c2a6a2\" data-id=\"43c2a6a2\" data-element_type=\"column\">\n\t\t\t<div class=\"elementor-widget-wrap elementor-element-populated\">\n\t\t\t\t\t<div class=\"elementor-background-overlay\"><\/div>\n\t\t\t\t\t\t<div class=\"elementor-element elementor-element-56f4622 elementor-widget elementor-widget-image\" data-id=\"56f4622\" data-element_type=\"widget\" data-widget_type=\"image.default\">\n\t\t\t\t<div class=\"elementor-widget-container\">\n\t\t\t\t\t\t\t\t\t\t\t\t\t<img fetchpriority=\"high\" decoding=\"async\" width=\"400\" height=\"600\" src=\"https:\/\/realconsultorayservicios.com\/wp-content\/uploads\/2021\/05\/depositphotos_9572169-stock-photo-industrial-faucets-and-manometers-in.jpg\" class=\"attachment-full size-full wp-image-1123\" alt=\"\" srcset=\"https:\/\/realconsultorayservicios.com\/wp-content\/uploads\/2021\/05\/depositphotos_9572169-stock-photo-industrial-faucets-and-manometers-in.jpg 400w, https:\/\/realconsultorayservicios.com\/wp-content\/uploads\/2021\/05\/depositphotos_9572169-stock-photo-industrial-faucets-and-manometers-in-200x300.jpg 200w\" sizes=\"(max-width: 400px) 100vw, 400px\" \/>\t\t\t\t\t\t\t\t\t\t\t\t\t<\/div>\n\t\t\t\t<\/div>\n\t\t\t\t\t<\/div>\n\t\t<\/div>\n\t\t\t\t\t<\/div>\n\t\t<\/section>\n\t\t\t\t<section class=\"elementor-section elementor-top-section elementor-element elementor-element-1c66cf6 elementor-section-boxed elementor-section-height-default elementor-section-height-default\" data-id=\"1c66cf6\" data-element_type=\"section\">\n\t\t\t\t\t\t<div class=\"elementor-container elementor-column-gap-default\">\n\t\t\t\t\t<div class=\"elementor-column elementor-col-100 elementor-top-column elementor-element elementor-element-76c9f20\" data-id=\"76c9f20\" data-element_type=\"column\">\n\t\t\t<div class=\"elementor-widget-wrap elementor-element-populated\">\n\t\t\t\t\t\t<div class=\"elementor-element elementor-element-34841ca3 elementor-widget elementor-widget-heading\" data-id=\"34841ca3\" data-element_type=\"widget\" data-widget_type=\"heading.default\">\n\t\t\t\t<div class=\"elementor-widget-container\">\n\t\t\t<h3 class=\"elementor-heading-title elementor-size-default\">\u00bfNecesit\u00e1s un Presupuesto? Comunicate con nosotros.<\/h3>\t\t<\/div>\n\t\t\t\t<\/div>\n\t\t\t\t<div class=\"elementor-element elementor-element-323e610 elementor-widget elementor-widget-form\" data-id=\"323e610\" data-element_type=\"widget\" data-widget_type=\"form.default\">\n\t\t\t\t<div class=\"elementor-widget-container\">\n\t\t\t \t\t<\/div>\n\t\t\t\t<\/div>\n\t\t\t\t\t<\/div>\n\t\t<\/div>\n\t\t\t\t\t<\/div>\n\t\t<\/section>\n\t\t\t\t<section class=\"elementor-section elementor-top-section elementor-element elementor-element-0e4cab5 elementor-section-boxed elementor-section-height-default elementor-section-height-default\" data-id=\"0e4cab5\" data-element_type=\"section\">\n\t\t\t\t\t\t<div class=\"elementor-container elementor-column-gap-default\">\n\t\t\t\t\t<div class=\"elementor-column elementor-col-100 elementor-top-column elementor-element elementor-element-16066ee\" data-id=\"16066ee\" data-element_type=\"column\">\n\t\t\t<div class=\"elementor-widget-wrap elementor-element-populated\">\n\t\t\t\t\t\t<div class=\"elementor-element elementor-element-e4b315f elementor-widget elementor-widget-spacer\" data-id=\"e4b315f\" data-element_type=\"widget\" data-widget_type=\"spacer.default\">\n\t\t\t\t<div class=\"elementor-widget-container\">\n\t\t\t\t\t<div class=\"elementor-spacer\">\n\t\t\t<div class=\"elementor-spacer-inner\"><\/div>\n\t\t<\/div>\n\t\t\t\t<\/div>\n\t\t\t\t<\/div>\n\t\t\t\t\t<\/div>\n\t\t<\/div>\n\t\t\t\t\t<\/div>\n\t\t<\/section>\n\t\t\t\t<\/div>\n\t\t","protected":false},"excerpt":{"rendered":"<p>laboratorio de V\u00e1lvulas y CONTROL Brindamos Calidad de Servicio en todos nuestro Proyectos Laboratorio de V\u00e1lvulas y Control Como empresa de servicios, nuestro objetivo es brindar la soluci\u00f3n a nuestros clientes en instalaciones relacionadas con el manejo y control de fluidos, sean l\u00edquidos o gaseosos. \u00a0Nos especializamos en: V\u00e1lvulas de corte (esf\u00e9ricas, globo y agujas). [&hellip;]<\/p>\n","protected":false},"author":1,"featured_media":0,"parent":0,"menu_order":0,"comment_status":"closed","ping_status":"closed","template":"","meta":{"om_disable_all_campaigns":false,"_monsterinsights_skip_tracking":false,"_monsterinsights_sitenote_active":false,"_monsterinsights_sitenote_note":"","_monsterinsights_sitenote_category":0,"site-sidebar-layout":"no-sidebar","site-content-layout":"page-builder","ast-site-content-layout":"","site-content-style":"default","site-sidebar-style":"default","ast-global-header-display":"","ast-banner-title-visibility":"","ast-main-header-display":"","ast-hfb-above-header-display":"","ast-hfb-below-header-display":"","ast-hfb-mobile-header-display":"","site-post-title":"disabled","ast-breadcrumbs-content":"","ast-featured-img":"disabled","footer-sml-layout":"","theme-transparent-header-meta":"enabled","adv-header-id-meta":"","stick-header-meta":"","header-above-stick-meta":"","header-main-stick-meta":"","header-below-stick-meta":"","astra-migrate-meta-layouts":"default","ast-page-background-enabled":"default","ast-page-background-meta":{"desktop":{"background-color":"","background-image":"","background-repeat":"repeat","background-position":"center center","background-size":"auto","background-attachment":"scroll","background-type":"","background-media":"","overlay-type":"","overlay-color":"","overlay-opacity":"","overlay-gradient":""},"tablet":{"background-color":"","background-image":"","background-repeat":"repeat","background-position":"center center","background-size":"auto","background-attachment":"scroll","background-type":"","background-media":"","overlay-type":"","overlay-color":"","overlay-opacity":"","overlay-gradient":""},"mobile":{"background-color":"","background-image":"","background-repeat":"repeat","background-position":"center center","background-size":"auto","background-attachment":"scroll","background-type":"","background-media":"","overlay-type":"","overlay-color":"","overlay-opacity":"","overlay-gradient":""}},"ast-content-background-meta":{"desktop":{"background-color":"var(--ast-global-color-5)","background-image":"","background-repeat":"repeat","background-position":"center center","background-size":"auto","background-attachment":"scroll","background-type":"","background-media":"","overlay-type":"","overlay-color":"","overlay-opacity":"","overlay-gradient":""},"tablet":{"background-color":"var(--ast-global-color-5)","background-image":"","background-repeat":"repeat","background-position":"center center","background-size":"auto","background-attachment":"scroll","background-type":"","background-media":"","overlay-type":"","overlay-color":"","overlay-opacity":"","overlay-gradient":""},"mobile":{"background-color":"var(--ast-global-color-5)","background-image":"","background-repeat":"repeat","background-position":"center center","background-size":"auto","background-attachment":"scroll","background-type":"","background-media":"","overlay-type":"","overlay-color":"","overlay-opacity":"","overlay-gradient":""}},"footnotes":""},"class_list":["post-569","page","type-page","status-publish","hentry"],"aioseo_notices":[],"_links":{"self":[{"href":"https:\/\/realconsultorayservicios.com\/index.php\/wp-json\/wp\/v2\/pages\/569","targetHints":{"allow":["GET"]}}],"collection":[{"href":"https:\/\/realconsultorayservicios.com\/index.php\/wp-json\/wp\/v2\/pages"}],"about":[{"href":"https:\/\/realconsultorayservicios.com\/index.php\/wp-json\/wp\/v2\/types\/page"}],"author":[{"embeddable":true,"href":"https:\/\/realconsultorayservicios.com\/index.php\/wp-json\/wp\/v2\/users\/1"}],"replies":[{"embeddable":true,"href":"https:\/\/realconsultorayservicios.com\/index.php\/wp-json\/wp\/v2\/comments?post=569"}],"version-history":[{"count":55,"href":"https:\/\/realconsultorayservicios.com\/index.php\/wp-json\/wp\/v2\/pages\/569\/revisions"}],"predecessor-version":[{"id":2076,"href":"https:\/\/realconsultorayservicios.com\/index.php\/wp-json\/wp\/v2\/pages\/569\/revisions\/2076"}],"wp:attachment":[{"href":"https:\/\/realconsultorayservicios.com\/index.php\/wp-json\/wp\/v2\/media?parent=569"}],"curies":[{"name":"wp","href":"https:\/\/api.w.org\/{rel}","templated":true}]}}